{"id":11597,"date":"2020-11-23T06:45:54","date_gmt":"2020-11-23T06:45:54","guid":{"rendered":"http:\/\/192.168.0.108\/braintech\/?page_id=11597"},"modified":"2025-12-25T12:01:41","modified_gmt":"2025-12-25T11:01:41","slug":"erp-2","status":"publish","type":"page","link":"https:\/\/half-ware.com\/_web\/services-informatiques\/erp-2\/","title":{"rendered":"Int\u00e9gration ERP\/CRM"},"content":{"rendered":"\t\t<div data-elementor-type=\"wp-page\" data-elementor-id=\"11597\" class=\"elementor elementor-11597\" data-elementor-post-type=\"page\">\n\t\t\t\t\t\t<section class=\"elementor-section elementor-top-section elementor-element elementor-element-378e9bd5 elementor-section-full_width elementor-section-content-middle elementor-section-height-default elementor-section-height-default\" data-id=\"378e9bd5\" data-element_type=\"section\" data-e-type=\"section\">\n\t\t\t\t\t\t<div class=\"elementor-container elementor-column-gap-wide\">\n\t\t\t\t\t<div class=\"elementor-column elementor-col-50 elementor-top-column elementor-element elementor-element-4865cf78\" data-id=\"4865cf78\" data-element_type=\"column\" data-e-type=\"column\">\n\t\t\t<div class=\"elementor-widget-wrap elementor-element-populated\">\n\t\t\t\t\t\t<div class=\"elementor-element elementor-element-3b2bca18 elementor-widget elementor-widget-rs-heading\" data-id=\"3b2bca18\" data-element_type=\"widget\" data-e-type=\"widget\" data-widget_type=\"rs-heading.default\">\n\t\t\t\t<div class=\"elementor-widget-container\">\n\t\t\t\t\t        <div class=\"rs-heading style14  \">\r\n        \t<div class=\"title-inner\">        \t\t      \t\t\r\n\t            <span class=\"sub-text \">Int\u00e9gration ERP\/CRM<\/span><h2 class=\"title\"><span class=\"watermark\"><\/span>Introduction<\/h2>\t\t\t\t\t\t\t\t\t<div class=\"heading-line\"><\/div>\r\n\t\t\t\t\t        <\/div>\r\n\t                    \t<div class=\"description\">\r\n            \t\t<p>\u00c0 pr\u00e9sent, vous connaissez probablement l'importance d'avoir un ERP et un CRM. Le premier vous aide \u00e0 vous assurer que tout se passe bien en interne. Par exemple, il vous aide \u00e0 g\u00e9rer les finances, l'inventaire, la planification et la production, et bien plus encore. Ce dernier, en revanche, vous donne le pouvoir de g\u00e9rer efficacement les relations clients. Nous savons donc que ces syst\u00e8mes sont indispensables.<\/p><p>Le probl\u00e8me, cependant, est de trouver le bon ERP et CRM pour votre entreprise. Il peut \u00eatre difficile de trouver le parfait, d'autant plus qu'il y a tellement d'options disponibles. Nous sugg\u00e9rons bien s\u00fbr l'ERP et le CRM Dolibarr. Avec sa multitude de fonctionnalit\u00e9s et sa nature hautement personnalisable, vous ne pouvez pas vous tromper.<\/p>            \t\t\r\n            \t<\/div>\r\n        \t        <\/div>\r\n\r\n        \t\t\t\t<\/div>\n\t\t\t\t<\/div>\n\t\t\t\t\t<\/div>\n\t\t<\/div>\n\t\t\t\t<div class=\"elementor-column elementor-col-50 elementor-top-column elementor-element elementor-element-475b3f25 animated-slow\" data-id=\"475b3f25\" data-element_type=\"column\" data-e-type=\"column\" data-settings=\"{&quot;animation&quot;:&quot;none&quot;,&quot;animation_delay&quot;:500,&quot;background_background&quot;:&quot;slideshow&quot;,&quot;background_slideshow_gallery&quot;:[],&quot;background_slideshow_loop&quot;:&quot;yes&quot;,&quot;background_slideshow_slide_duration&quot;:5000,&quot;background_slideshow_slide_transition&quot;:&quot;fade&quot;,&quot;background_slideshow_transition_duration&quot;:500}\">\n\t\t\t<div class=\"elementor-widget-wrap elementor-element-populated\">\n\t\t\t\t\t\t<div class=\"elementor-element elementor-element-4586c090 animated-slow elementor-widget__width-initial elementor-widget elementor-widget-image\" data-id=\"4586c090\" data-element_type=\"widget\" data-e-type=\"widget\" data-settings=\"{&quot;_animation&quot;:&quot;none&quot;}\" data-widget_type=\"image.default\">\n\t\t\t\t<div class=\"elementor-widget-container\">\n\t\t\t\t\t\t\t\t\t\t\t\t\t\t\t<img fetchpriority=\"high\" decoding=\"async\" width=\"1000\" height=\"750\" src=\"https:\/\/half-ware.com\/_web\/wp-content\/uploads\/2024\/10\/smaller-1000x750.webp\" class=\"attachment-braintech_portfolios-slider size-braintech_portfolios-slider wp-image-22390\" alt=\"\" \/>\t\t\t\t\t\t\t\t\t\t\t\t\t\t\t<\/div>\n\t\t\t\t<\/div>\n\t\t\t\t\t<\/div>\n\t\t<\/div>\n\t\t\t\t\t<\/div>\n\t\t<\/section>\n\t\t\t\t<\/div>\n\t\t","protected":false},"excerpt":{"rendered":"<p>Int\u00e9gration ERP\/CRM Introduction \u00c0 pr\u00e9sent, vous connaissez probablement l&#8217;importance d&#8217;avoir un ERP et un CRM. Le premier vous aide \u00e0 vous assurer que tout se passe bien en interne. Par exemple, il vous aide \u00e0 g\u00e9rer les finances, l&#8217;inventaire, la planification et la production, et bien plus encore. Ce dernier, en revanche, vous donne le&#8230;<\/p>\n","protected":false},"author":1,"featured_media":21774,"parent":11559,"menu_order":0,"comment_status":"closed","ping_status":"closed","template":"","meta":{"footnotes":""},"class_list":["post-11597","page","type-page","status-publish","has-post-thumbnail","hentry"],"yoast_head":"<!-- This site is optimized with the Yoast SEO Premium plugin v26.8 (Yoast SEO v27.1.1) - https:\/\/yoast.com\/product\/yoast-seo-premium-wordpress\/ -->\n<title>Int\u00e9gration ERP\/CRM - HALFWARE<\/title>\n<meta name=\"description\" content=\"Int\u00e9gration et D\u00e9veloppement de ERPNext et DOLIBARR, personnalisation et accompagnement de travail, assistance et support\" \/>\n<meta name=\"robots\" content=\"index, follow, max-snippet:-1, max-image-preview:large, max-video-preview:-1\" \/>\n<link rel=\"canonical\" href=\"https:\/\/half-ware.com\/_web\/services-informatiques\/erp-2\/\" \/>\n<meta property=\"og:locale\" content=\"fr_FR\" \/>\n<meta property=\"og:type\" content=\"article\" \/>\n<meta property=\"og:title\" content=\"Int\u00e9gration ERP\/CRM HALFWARE\" \/>\n<meta property=\"og:description\" content=\"Int\u00e9gration et D\u00e9veloppement de ERPNext et DOLIBARR, personnalisation et accompagnement de travail, assistance et support\" \/>\n<meta property=\"og:url\" content=\"https:\/\/half-ware.com\/_web\/services-informatiques\/erp-2\/\" \/>\n<meta property=\"og:site_name\" content=\"HALFWARE\" \/>\n<meta property=\"article:publisher\" content=\"https:\/\/web.facebook.com\/halfware.hw\" \/>\n<meta property=\"article:modified_time\" content=\"2025-12-25T11:01:41+00:00\" \/>\n<meta property=\"og:image\" content=\"https:\/\/half-ware.com\/_web\/wp-content\/uploads\/2024\/09\/Illustration-of-person-sitting-at-a-computer-with-floating-modals-surrounding-them.png\" \/>\n\t<meta property=\"og:image:width\" content=\"2000\" \/>\n\t<meta property=\"og:image:height\" content=\"1267\" \/>\n\t<meta property=\"og:image:type\" content=\"image\/png\" \/>\n<meta name=\"twitter:card\" content=\"summary_large_image\" \/>\n<meta name=\"twitter:title\" content=\"Int\u00e9gration ERP\/CRM\" \/>\n<meta name=\"twitter:label1\" content=\"Dur\u00e9e de lecture estim\u00e9e\" \/>\n\t<meta name=\"twitter:data1\" content=\"4 minutes\" \/>\n<script type=\"application\/ld+json\" class=\"yoast-schema-graph\">{\"@context\":\"https:\/\/schema.org\",\"@graph\":[{\"@type\":\"WebPage\",\"@id\":\"https:\/\/half-ware.com\/_web\/services-informatiques\/erp-2\/\",\"url\":\"https:\/\/half-ware.com\/_web\/services-informatiques\/erp-2\/\",\"name\":\"Int\u00e9gration ERP\/CRM - HALFWARE\",\"isPartOf\":{\"@id\":\"https:\/\/half-ware.com\/_web\/#website\"},\"primaryImageOfPage\":{\"@id\":\"https:\/\/half-ware.com\/_web\/services-informatiques\/erp-2\/#primaryimage\"},\"image\":{\"@id\":\"https:\/\/half-ware.com\/_web\/services-informatiques\/erp-2\/#primaryimage\"},\"thumbnailUrl\":\"https:\/\/half-ware.com\/_web\/wp-content\/uploads\/2024\/09\/Illustration-of-person-sitting-at-a-computer-with-floating-modals-surrounding-them.png\",\"datePublished\":\"2020-11-23T06:45:54+00:00\",\"dateModified\":\"2025-12-25T11:01:41+00:00\",\"description\":\"Int\u00e9gration et D\u00e9veloppement de ERPNext et DOLIBARR, personnalisation et accompagnement de travail, assistance et support\",\"breadcrumb\":{\"@id\":\"https:\/\/half-ware.com\/_web\/services-informatiques\/erp-2\/#breadcrumb\"},\"inLanguage\":\"fr-FR\",\"potentialAction\":[{\"@type\":\"ReadAction\",\"target\":[\"https:\/\/half-ware.com\/_web\/services-informatiques\/erp-2\/\"]}]},{\"@type\":\"ImageObject\",\"inLanguage\":\"fr-FR\",\"@id\":\"https:\/\/half-ware.com\/_web\/services-informatiques\/erp-2\/#primaryimage\",\"url\":\"https:\/\/half-ware.com\/_web\/wp-content\/uploads\/2024\/09\/Illustration-of-person-sitting-at-a-computer-with-floating-modals-surrounding-them.png\",\"contentUrl\":\"https:\/\/half-ware.com\/_web\/wp-content\/uploads\/2024\/09\/Illustration-of-person-sitting-at-a-computer-with-floating-modals-surrounding-them.png\",\"width\":2000,\"height\":1267},{\"@type\":\"BreadcrumbList\",\"@id\":\"https:\/\/half-ware.com\/_web\/services-informatiques\/erp-2\/#breadcrumb\",\"itemListElement\":[{\"@type\":\"ListItem\",\"position\":1,\"name\":\"Accueil\",\"item\":\"https:\/\/half-ware.com\/_web\/\"},{\"@type\":\"ListItem\",\"position\":2,\"name\":\"Services\",\"item\":\"https:\/\/half-ware.com\/_web\/services-informatiques\/\"},{\"@type\":\"ListItem\",\"position\":3,\"name\":\"Integration ERP\/CRM Alg\u00e9rie\"}]},{\"@type\":\"WebSite\",\"@id\":\"https:\/\/half-ware.com\/_web\/#website\",\"url\":\"https:\/\/half-ware.com\/_web\/\",\"name\":\"HALFWARE - ERP\/CRM & Solutions DIGITALS\",\"description\":\"DIGITAL SOLUTIONS\",\"publisher\":{\"@id\":\"https:\/\/half-ware.com\/_web\/#organization\"},\"alternateName\":\"ERP Alg\u00e9rie - Afrique et Applications Mobiles\",\"potentialAction\":[{\"@type\":\"SearchAction\",\"target\":{\"@type\":\"EntryPoint\",\"urlTemplate\":\"https:\/\/half-ware.com\/_web\/?s={search_term_string}\"},\"query-input\":{\"@type\":\"PropertyValueSpecification\",\"valueRequired\":true,\"valueName\":\"search_term_string\"}}],\"inLanguage\":\"fr-FR\"},{\"@type\":\"Organization\",\"@id\":\"https:\/\/half-ware.com\/_web\/#organization\",\"name\":\"HALFWARE\",\"alternateName\":\"Int\u00e9grateur ERP Alg\u00e9rie et Afrique\",\"url\":\"https:\/\/half-ware.com\/_web\/\",\"logo\":{\"@type\":\"ImageObject\",\"inLanguage\":\"fr-FR\",\"@id\":\"https:\/\/half-ware.com\/_web\/#\/schema\/logo\/image\/\",\"url\":\"https:\/\/half-ware.com\/_web\/wp-content\/uploads\/2026\/01\/logo-wow.png\",\"contentUrl\":\"https:\/\/half-ware.com\/_web\/wp-content\/uploads\/2026\/01\/logo-wow.png\",\"width\":613,\"height\":607,\"caption\":\"HALFWARE\"},\"image\":{\"@id\":\"https:\/\/half-ware.com\/_web\/#\/schema\/logo\/image\/\"},\"sameAs\":[\"https:\/\/web.facebook.com\/halfware.hw\",\"https:\/\/www.youtube.com\/@HALFWARE-COM\",\"https:\/\/www.linkedin.com\/company\/half-ware\/\"],\"description\":\"HALFWARE est un bureau d'\u00e9tudes alg\u00e9rien sp\u00e9cialis\u00e9 dans l\u2019int\u00e9gration de logiciels ERP, CRM et solutions num\u00e9riques sur mesure.\",\"email\":\"contact@half-ware.com\",\"legalName\":\"TAZI SAID - HALFWARE\",\"numberOfEmployees\":{\"@type\":\"QuantitativeValue\",\"minValue\":\"1\",\"maxValue\":\"10\"},\"publishingPrinciples\":\"https:\/\/half-ware.com\/_web\/politique-de-confidentialite\/\"}]}<\/script>\n<!-- \/ Yoast SEO Premium plugin. -->","yoast_head_json":{"title":"Int\u00e9gration ERP\/CRM - HALFWARE","description":"Int\u00e9gration et D\u00e9veloppement de ERPNext et DOLIBARR, personnalisation et accompagnement de travail, assistance et support","robots":{"index":"index","follow":"follow","max-snippet":"max-snippet:-1","max-image-preview":"max-image-preview:large","max-video-preview":"max-video-preview:-1"},"canonical":"https:\/\/half-ware.com\/_web\/services-informatiques\/erp-2\/","og_locale":"fr_FR","og_type":"article","og_title":"Int\u00e9gration ERP\/CRM HALFWARE","og_description":"Int\u00e9gration et D\u00e9veloppement de ERPNext et DOLIBARR, personnalisation et accompagnement de travail, assistance et support","og_url":"https:\/\/half-ware.com\/_web\/services-informatiques\/erp-2\/","og_site_name":"HALFWARE","article_publisher":"https:\/\/web.facebook.com\/halfware.hw","article_modified_time":"2025-12-25T11:01:41+00:00","og_image":[{"width":2000,"height":1267,"url":"https:\/\/half-ware.com\/_web\/wp-content\/uploads\/2024\/09\/Illustration-of-person-sitting-at-a-computer-with-floating-modals-surrounding-them.png","type":"image\/png"}],"twitter_card":"summary_large_image","twitter_title":"Int\u00e9gration ERP\/CRM","twitter_misc":{"Dur\u00e9e de lecture estim\u00e9e":"4 minutes"},"schema":{"@context":"https:\/\/schema.org","@graph":[{"@type":"WebPage","@id":"https:\/\/half-ware.com\/_web\/services-informatiques\/erp-2\/","url":"https:\/\/half-ware.com\/_web\/services-informatiques\/erp-2\/","name":"Int\u00e9gration ERP\/CRM - HALFWARE","isPartOf":{"@id":"https:\/\/half-ware.com\/_web\/#website"},"primaryImageOfPage":{"@id":"https:\/\/half-ware.com\/_web\/services-informatiques\/erp-2\/#primaryimage"},"image":{"@id":"https:\/\/half-ware.com\/_web\/services-informatiques\/erp-2\/#primaryimage"},"thumbnailUrl":"https:\/\/half-ware.com\/_web\/wp-content\/uploads\/2024\/09\/Illustration-of-person-sitting-at-a-computer-with-floating-modals-surrounding-them.png","datePublished":"2020-11-23T06:45:54+00:00","dateModified":"2025-12-25T11:01:41+00:00","description":"Int\u00e9gration et D\u00e9veloppement de ERPNext et DOLIBARR, personnalisation et accompagnement de travail, assistance et support","breadcrumb":{"@id":"https:\/\/half-ware.com\/_web\/services-informatiques\/erp-2\/#breadcrumb"},"inLanguage":"fr-FR","potentialAction":[{"@type":"ReadAction","target":["https:\/\/half-ware.com\/_web\/services-informatiques\/erp-2\/"]}]},{"@type":"ImageObject","inLanguage":"fr-FR","@id":"https:\/\/half-ware.com\/_web\/services-informatiques\/erp-2\/#primaryimage","url":"https:\/\/half-ware.com\/_web\/wp-content\/uploads\/2024\/09\/Illustration-of-person-sitting-at-a-computer-with-floating-modals-surrounding-them.png","contentUrl":"https:\/\/half-ware.com\/_web\/wp-content\/uploads\/2024\/09\/Illustration-of-person-sitting-at-a-computer-with-floating-modals-surrounding-them.png","width":2000,"height":1267},{"@type":"BreadcrumbList","@id":"https:\/\/half-ware.com\/_web\/services-informatiques\/erp-2\/#breadcrumb","itemListElement":[{"@type":"ListItem","position":1,"name":"Accueil","item":"https:\/\/half-ware.com\/_web\/"},{"@type":"ListItem","position":2,"name":"Services","item":"https:\/\/half-ware.com\/_web\/services-informatiques\/"},{"@type":"ListItem","position":3,"name":"Integration ERP\/CRM Alg\u00e9rie"}]},{"@type":"WebSite","@id":"https:\/\/half-ware.com\/_web\/#website","url":"https:\/\/half-ware.com\/_web\/","name":"HALFWARE - ERP\/CRM & Solutions DIGITALS","description":"DIGITAL SOLUTIONS","publisher":{"@id":"https:\/\/half-ware.com\/_web\/#organization"},"alternateName":"ERP Alg\u00e9rie - Afrique et Applications Mobiles","potentialAction":[{"@type":"SearchAction","target":{"@type":"EntryPoint","urlTemplate":"https:\/\/half-ware.com\/_web\/?s={search_term_string}"},"query-input":{"@type":"PropertyValueSpecification","valueRequired":true,"valueName":"search_term_string"}}],"inLanguage":"fr-FR"},{"@type":"Organization","@id":"https:\/\/half-ware.com\/_web\/#organization","name":"HALFWARE","alternateName":"Int\u00e9grateur ERP Alg\u00e9rie et Afrique","url":"https:\/\/half-ware.com\/_web\/","logo":{"@type":"ImageObject","inLanguage":"fr-FR","@id":"https:\/\/half-ware.com\/_web\/#\/schema\/logo\/image\/","url":"https:\/\/half-ware.com\/_web\/wp-content\/uploads\/2026\/01\/logo-wow.png","contentUrl":"https:\/\/half-ware.com\/_web\/wp-content\/uploads\/2026\/01\/logo-wow.png","width":613,"height":607,"caption":"HALFWARE"},"image":{"@id":"https:\/\/half-ware.com\/_web\/#\/schema\/logo\/image\/"},"sameAs":["https:\/\/web.facebook.com\/halfware.hw","https:\/\/www.youtube.com\/@HALFWARE-COM","https:\/\/www.linkedin.com\/company\/half-ware\/"],"description":"HALFWARE est un bureau d'\u00e9tudes alg\u00e9rien sp\u00e9cialis\u00e9 dans l\u2019int\u00e9gration de logiciels ERP, CRM et solutions num\u00e9riques sur mesure.","email":"contact@half-ware.com","legalName":"TAZI SAID - HALFWARE","numberOfEmployees":{"@type":"QuantitativeValue","minValue":"1","maxValue":"10"},"publishingPrinciples":"https:\/\/half-ware.com\/_web\/politique-de-confidentialite\/"}]}},"_links":{"self":[{"href":"https:\/\/half-ware.com\/_web\/wp-json\/wp\/v2\/pages\/11597","targetHints":{"allow":["GET"]}}],"collection":[{"href":"https:\/\/half-ware.com\/_web\/wp-json\/wp\/v2\/pages"}],"about":[{"href":"https:\/\/half-ware.com\/_web\/wp-json\/wp\/v2\/types\/page"}],"author":[{"embeddable":true,"href":"https:\/\/half-ware.com\/_web\/wp-json\/wp\/v2\/users\/1"}],"replies":[{"embeddable":true,"href":"https:\/\/half-ware.com\/_web\/wp-json\/wp\/v2\/comments?post=11597"}],"version-history":[{"count":280,"href":"https:\/\/half-ware.com\/_web\/wp-json\/wp\/v2\/pages\/11597\/revisions"}],"predecessor-version":[{"id":23634,"href":"https:\/\/half-ware.com\/_web\/wp-json\/wp\/v2\/pages\/11597\/revisions\/23634"}],"up":[{"embeddable":true,"href":"https:\/\/half-ware.com\/_web\/wp-json\/wp\/v2\/pages\/11559"}],"wp:featuredmedia":[{"embeddable":true,"href":"https:\/\/half-ware.com\/_web\/wp-json\/wp\/v2\/media\/21774"}],"wp:attachment":[{"href":"https:\/\/half-ware.com\/_web\/wp-json\/wp\/v2\/media?parent=11597"}],"curies":[{"name":"wp","href":"https:\/\/api.w.org\/{rel}","templated":true}]}}