{"id":21636,"date":"2020-11-17T10:29:21","date_gmt":"2020-11-17T10:29:21","guid":{"rendered":"http:\/\/192.168.0.108\/braintech\/?page_id=12"},"modified":"2026-02-05T20:52:42","modified_gmt":"2026-02-05T19:52:42","slug":"half-ware-com-contact-erp-algerie-contact-halfware","status":"publish","type":"page","link":"https:\/\/half-ware.com\/_web\/half-ware-com-contact-erp-algerie-contact-halfware\/","title":{"rendered":"Contact"},"content":{"rendered":"\t\t<div data-elementor-type=\"wp-page\" data-elementor-id=\"21636\" class=\"elementor elementor-21636\" data-elementor-post-type=\"page\">\n\t\t\t\t\t\t<section class=\"elementor-section elementor-top-section elementor-element elementor-element-7988a369 elementor-section-content-middle elementor-section-full_width elementor-section-height-default elementor-section-height-default\" data-id=\"7988a369\" data-element_type=\"section\" data-e-type=\"section\" id=\"contact\" data-settings=\"{&quot;background_background&quot;:&quot;classic&quot;}\">\n\t\t\t\t\t\t<div class=\"elementor-container elementor-column-gap-default\">\n\t\t\t\t\t<div class=\"elementor-column elementor-col-50 elementor-top-column elementor-element elementor-element-70dc4f47\" data-id=\"70dc4f47\" data-element_type=\"column\" data-e-type=\"column\" data-settings=\"{&quot;background_background&quot;:&quot;gradient&quot;}\">\n\t\t\t<div class=\"elementor-widget-wrap elementor-element-populated\">\n\t\t\t\t\t\t<div class=\"elementor-element elementor-element-2a5e326f elementor-widget elementor-widget-rs-heading\" data-id=\"2a5e326f\" data-element_type=\"widget\" data-e-type=\"widget\" data-widget_type=\"rs-heading.default\">\n\t\t\t\t<div class=\"elementor-widget-container\">\n\t\t\t\t\t        <div class=\"rs-heading default  \">\r\n        \t<div class=\"title-inner\">        \t\t      \t\t\r\n\t            <span class=\"sub-text \"> Let's Talk<\/span><h2 class=\"title\"><span class=\"watermark\"><\/span>Talk with us<\/h2>\t\t\t\t\t        <\/div>\r\n\t                    \t<div class=\"description\">\r\n            \t\t<p>Contactez-nous et passez au digital.<br \/>Notre \u00e9quipe \u00e0 Alger pour une d\u00e9mo gratuite d'ERPNext ou un devis personnalis\u00e9 pour votre application mobile. R\u00e9ponse sous 24h.<\/p><p>Contactez-nous:<\/p>            \t\t\r\n            \t<\/div>\r\n        \t        <\/div>\r\n\r\n        \t\t\t\t<\/div>\n\t\t\t\t<\/div>\n\t\t\t\t<div class=\"elementor-element elementor-element-e3299e elementor-widget elementor-widget-rs-contact-box\" data-id=\"e3299e\" data-element_type=\"widget\" data-e-type=\"widget\" data-widget_type=\"rs-contact-box.default\">\n\t\t\t\t<div class=\"elementor-widget-container\">\n\t\t\t\t\t\t\t\r\n\r\n\t\t<!-- Style 1 Start -->\r\n\t\t<div class=\"rs-contact-box\">\r\n\r\n\t\t\t\t\t\t<div class=\"address-item horizontal boxstyle2\">\r\n\r\n\t\t\t\t\t\t\t            <div class=\"address-icon\">\r\n\t\t            \t\t\t            \t\t<i class=\"fa fa-envelope\"><\/i>\r\n\t\t            \t\t\t            <\/div>\r\n\t\t            \r\n\t\t            <div class=\"address-text\">\r\n\t\t            \t\t\t            \t<div class=\"text\">\r\n\t\t            \t\t\t\t            \t\t <span class=\"label\">Email:<\/span>\r\n\t\t            \t\t\t\t            \t\t\t\t            \t\t<span class=\"des\">\r\n\t\t\t\t                contact@half-ware.com\t\t\t\t            <\/span>\r\n\t\t\t\t            \t\t\t            <\/div>\r\n\t\t\t       \t\t\r\n\r\n\t\t            \t\r\n\r\n\t\t            \t\t\t            <\/div>\r\n\t\t        <\/div>\r\n\t\t\t\t\t\t\t<div class=\"address-item horizontal boxstyle2\">\r\n\r\n\t\t\t\t\t\t\t            <div class=\"address-icon\">\r\n\t\t            \t\t\t            \t\t<i class=\"fa fa-phone\"><\/i>\r\n\t\t            \t\t\t            <\/div>\r\n\t\t            \r\n\t\t            <div class=\"address-text\">\r\n\t\t            \t\t\t            \t<div class=\"text\">\r\n\t\t            \t\t\t\t            \t\t <span class=\"label\">Phone:<\/span>\r\n\t\t            \t\t\t\t            \t\t\t\t            \t\t<span class=\"des\">\r\n\t\t\t\t                +213 28 977 202\t\t\t\t            <\/span>\r\n\t\t\t\t            \t\t\t            <\/div>\r\n\t\t\t       \t\t\r\n\r\n\t\t            \t\r\n\r\n\t\t            \t\t\t            <\/div>\r\n\t\t        <\/div>\r\n\t\t\t\t\t\t\t<div class=\"address-item horizontal boxstyle2\">\r\n\r\n\t\t\t\t\t\t\t            <div class=\"address-icon\">\r\n\t\t            \t\t\t            \t\t<i class=\"fa fa-map-marker\"><\/i>\r\n\t\t            \t\t\t            <\/div>\r\n\t\t            \r\n\t\t            <div class=\"address-text\">\r\n\t\t            \t\t\t            \t<div class=\"text\">\r\n\t\t            \t\t\t\t            \t\t <span class=\"label\">Address:<\/span>\r\n\t\t            \t\t\t\t            \t\t\t\t            \t\t<span class=\"des\">\r\n\t\t\t\t                CIt\u00e9 1010 lgts BT 01 Lot 07 HAI EL BADR - BACHDJERRAH<br \/>\nAlger - Alg\u00e9rie\t\t\t\t            <\/span>\r\n\t\t\t\t            \t\t\t            <\/div>\r\n\t\t\t       \t\t\r\n\r\n\t\t            \t\r\n\r\n\t\t            \t\t\t            <\/div>\r\n\t\t        <\/div>\r\n\t\t\t\t\t<\/div>\r\n\r\n\t<!-- Style 1 End -->\t\r\n\t\t\r\n\t\t\t\t\t<\/div>\n\t\t\t\t<\/div>\n\t\t\t\t<div class=\"elementor-element elementor-element-b5db1e9 elementor-widget elementor-widget-heading\" data-id=\"b5db1e9\" data-element_type=\"widget\" data-e-type=\"widget\" data-widget_type=\"heading.default\">\n\t\t\t\t<div class=\"elementor-widget-container\">\n\t\t\t\t\t<span class=\"elementor-heading-title elementor-size-default\"><a href=\"https:\/\/www.linkedin.com\/company\/half-ware\/\">Page Linkedin HALFWARE<\/a><\/span>\t\t\t\t<\/div>\n\t\t\t\t<\/div>\n\t\t\t\t\t<\/div>\n\t\t<\/div>\n\t\t\t\t<div class=\"elementor-column elementor-col-50 elementor-top-column elementor-element elementor-element-16d1932a\" data-id=\"16d1932a\" data-element_type=\"column\" data-e-type=\"column\" data-settings=\"{&quot;background_background&quot;:&quot;classic&quot;}\">\n\t\t\t<div class=\"elementor-widget-wrap elementor-element-populated\">\n\t\t\t\t\t<div class=\"elementor-background-overlay\"><\/div>\n\t\t\t\t\t\t<div class=\"elementor-element elementor-element-b09a839 elementor-widget elementor-widget-heading\" data-id=\"b09a839\" data-element_type=\"widget\" data-e-type=\"widget\" data-widget_type=\"heading.default\">\n\t\t\t\t<div class=\"elementor-widget-container\">\n\t\t\t\t\t<h1 class=\"elementor-heading-title elementor-size-default\">Contact<\/h1>\t\t\t\t<\/div>\n\t\t\t\t<\/div>\n\t\t\t\t<div class=\"elementor-element elementor-element-aadc6e1 elementor-widget elementor-widget-heading\" data-id=\"aadc6e1\" data-element_type=\"widget\" data-e-type=\"widget\" data-widget_type=\"heading.default\">\n\t\t\t\t<div class=\"elementor-widget-container\">\n\t\t\t\t\t<h2 class=\"elementor-heading-title elementor-size-default\">Contactez-nous<\/h2>\t\t\t\t<\/div>\n\t\t\t\t<\/div>\n\t\t\t\t<div class=\"elementor-element elementor-element-e878609 elementor-widget elementor-widget-text-editor\" data-id=\"e878609\" data-element_type=\"widget\" data-e-type=\"widget\" data-widget_type=\"text-editor.default\">\n\t\t\t\t<div class=\"elementor-widget-container\">\n\t\t\t\t\t\t\t\t\t<p>Besoin d&#8217;un devis pr\u00e9cis pour <b data-path-to-node=\"4,0,0\" data-index-in-node=\"31\"><a class=\"ng-star-inserted\" href=\"https:\/\/half-ware.com\/_web\/halfware-integrateur-erpnext-algerie\/\" rel=\"noopener\" data-hveid=\"0\" data-ved=\"0CAAQ_4QMahgKEwi9-aKDhsOSAxUAAAAAHQAAAAAQ0AE\">nos offres ERPNext<\/a><\/b> ?<br \/>Contact<\/p>\t\t\t\t\t\t\t\t<\/div>\n\t\t\t\t<\/div>\n\t\t\t\t<div class=\"elementor-element elementor-element-ac78edd elementor-widget__width-initial elementor-widget elementor-widget-rs-cf7\" data-id=\"ac78edd\" data-element_type=\"widget\" data-e-type=\"widget\" data-widget_type=\"rs-cf7.default\">\n\t\t\t\t<div class=\"elementor-widget-container\">\n\t\t\t\t\t\n<div class=\"wpcf7 no-js\" id=\"wpcf7-f11860-o1\" lang=\"en-US\" dir=\"ltr\" data-wpcf7-id=\"11860\">\n<div class=\"screen-reader-response\"><p role=\"status\" aria-live=\"polite\" aria-atomic=\"true\"><\/p> <ul><\/ul><\/div>\n<form action=\"\/_web\/wp-json\/wp\/v2\/pages\/21636#wpcf7-f11860-o1\" method=\"post\" class=\"wpcf7-form init\" aria-label=\"Contact form\" novalidate=\"novalidate\" data-status=\"init\">\n<fieldset class=\"hidden-fields-container\"><input type=\"hidden\" name=\"_wpcf7\" value=\"11860\" \/><input type=\"hidden\" name=\"_wpcf7_version\" value=\"6.1.5\" \/><input type=\"hidden\" name=\"_wpcf7_locale\" value=\"en_US\" \/><input type=\"hidden\" name=\"_wpcf7_unit_tag\" value=\"wpcf7-f11860-o1\" \/><input type=\"hidden\" name=\"_wpcf7_container_post\" value=\"0\" \/><input type=\"hidden\" name=\"_wpcf7_posted_data_hash\" value=\"\" \/>\n<\/fieldset>\n<div class=\"row\">\n\t<div class=\"col-sm-6\">\n\t\t<p><span class=\"wpcf7-form-control-wrap\" data-name=\"your-name\"><input size=\"40\" maxlength=\"400\" class=\"wpcf7-form-control wpcf7-text wpcf7-validates-as-required\" aria-required=\"true\" aria-invalid=\"false\" placeholder=\"Name\" value=\"\" type=\"text\" name=\"your-name\" \/><\/span>\n\t\t<\/p>\n\t<\/div>\n\t<div class=\"col-sm-6\">\n\t\t<p><span class=\"wpcf7-form-control-wrap\" data-name=\"your-email\"><input size=\"40\" maxlength=\"400\" class=\"wpcf7-form-control wpcf7-email wpcf7-validates-as-required wpcf7-text wpcf7-validates-as-email\" aria-required=\"true\" aria-invalid=\"false\" placeholder=\"E-Mail\" value=\"\" type=\"email\" name=\"your-email\" \/><\/span>\n\t\t<\/p>\n\t<\/div>\n\t<div class=\"col-sm-6\">\n\t\t<p><span class=\"wpcf7-form-control-wrap\" data-name=\"your-phone\"><input size=\"40\" maxlength=\"400\" class=\"wpcf7-form-control wpcf7-text wpcf7-validates-as-required\" aria-required=\"true\" aria-invalid=\"false\" placeholder=\"Phone Number\" value=\"\" type=\"text\" name=\"your-phone\" \/><\/span>\n\t\t<\/p>\n\t<\/div>\n\t<div class=\"col-sm-6\">\n\t\t<p><span class=\"wpcf7-form-control-wrap\" data-name=\"your-website\"><input size=\"40\" maxlength=\"400\" class=\"wpcf7-form-control wpcf7-text\" aria-invalid=\"false\" placeholder=\"Your Website\" value=\"\" type=\"text\" name=\"your-website\" \/><\/span>\n\t\t<\/p>\n\t<\/div>\n\t<div class=\"col-sm-12\">\n\t\t<p><span class=\"wpcf7-form-control-wrap\" data-name=\"your-message\"><textarea cols=\"40\" rows=\"10\" maxlength=\"2000\" class=\"wpcf7-form-control wpcf7-textarea\" aria-invalid=\"false\" placeholder=\"Your Message Here\" name=\"your-message\"><\/textarea><\/span>\n\t\t<\/p>\n\t<\/div>\n\t<div class=\"form-button col-sm-12\">\n\t\t<p class=\"submit-btn\"><input class=\"wpcf7-form-control wpcf7-submit has-spinner\" type=\"submit\" value=\"Submit Now\" \/>\n\t\t<\/p>\n\t<\/div>\n<\/div><div class=\"wpcf7-response-output\" aria-hidden=\"true\"><\/div>\n<\/form>\n<\/div>\n\t\t\t\t<\/div>\n\t\t\t\t<\/div>\n\t\t\t\t<div class=\"elementor-element elementor-element-a166b51 elementor-widget elementor-widget-image\" data-id=\"a166b51\" data-element_type=\"widget\" data-e-type=\"widget\" data-widget_type=\"image.default\">\n\t\t\t\t<div class=\"elementor-widget-container\">\n\t\t\t\t\t\t\t\t\t\t\t\t\t\t\t<img fetchpriority=\"high\" decoding=\"async\" width=\"300\" height=\"297\" src=\"https:\/\/half-ware.com\/_web\/wp-content\/uploads\/2026\/01\/logo-wow-300x297.png\" class=\"attachment-medium size-medium wp-image-23727\" alt=\"HALFWARE, ERPNext\" srcset=\"https:\/\/half-ware.com\/_web\/wp-content\/uploads\/2026\/01\/logo-wow-300x297.png 300w, https:\/\/half-ware.com\/_web\/wp-content\/uploads\/2026\/01\/logo-wow-150x150.png 150w, https:\/\/half-ware.com\/_web\/wp-content\/uploads\/2026\/01\/logo-wow.png 613w\" sizes=\"(max-width: 300px) 100vw, 300px\" \/>\t\t\t\t\t\t\t\t\t\t\t\t\t\t\t<\/div>\n\t\t\t\t<\/div>\n\t\t\t\t\t<\/div>\n\t\t<\/div>\n\t\t\t\t\t<\/div>\n\t\t<\/section>\n\t\t\t\t<section class=\"elementor-section elementor-top-section elementor-element elementor-element-ecf3cad elementor-section-full_width elementor-section-stretched elementor-section-height-default elementor-section-height-default\" data-id=\"ecf3cad\" data-element_type=\"section\" data-e-type=\"section\" data-settings=\"{&quot;stretch_section&quot;:&quot;section-stretched&quot;}\">\n\t\t\t\t\t\t<div class=\"elementor-container elementor-column-gap-default\">\n\t\t\t\t\t<div class=\"elementor-column elementor-col-100 elementor-top-column elementor-element elementor-element-5558fbc\" data-id=\"5558fbc\" data-element_type=\"column\" data-e-type=\"column\">\n\t\t\t<div class=\"elementor-widget-wrap elementor-element-populated\">\n\t\t\t\t\t\t<div class=\"elementor-element elementor-element-db9b222 elementor-widget elementor-widget-google_maps\" data-id=\"db9b222\" data-element_type=\"widget\" data-e-type=\"widget\" data-widget_type=\"google_maps.default\">\n\t\t\t\t<div class=\"elementor-widget-container\">\n\t\t\t\t\t\t\t<div class=\"elementor-custom-embed\">\n\t\t\t<iframe loading=\"lazy\"\n\t\t\t\t\tsrc=\"https:\/\/maps.google.com\/maps?q=36.723002104199004%2C%203.1018373582466308&#038;t=m&#038;z=15&#038;output=embed&#038;iwloc=near\"\n\t\t\t\t\ttitle=\"36.723002104199004, 3.1018373582466308\"\n\t\t\t\t\taria-label=\"36.723002104199004, 3.1018373582466308\"\n\t\t\t><\/iframe>\n\t\t<\/div>\n\t\t\t\t\t\t<\/div>\n\t\t\t\t<\/div>\n\t\t\t\t\t<\/div>\n\t\t<\/div>\n\t\t\t\t\t<\/div>\n\t\t<\/section>\n\t\t\t\t<\/div>\n\t\t","protected":false},"excerpt":{"rendered":"<p>Let&#8217;s Talk Talk with us Contactez-nous et passez au digital.Notre \u00e9quipe \u00e0 Alger pour une d\u00e9mo gratuite d&#8217;ERPNext ou un devis personnalis\u00e9 pour votre application mobile. R\u00e9ponse sous 24h. Contactez-nous: Email: contact@half-ware.com Phone: +213 28 977 202 Address: CIt\u00e9 1010 lgts BT 01 Lot 07 HAI EL BADR &#8211; BACHDJERRAH Alger &#8211; Alg\u00e9rie Page Linkedin&#8230;<\/p>\n","protected":false},"author":1,"featured_media":0,"parent":0,"menu_order":0,"comment_status":"closed","ping_status":"closed","template":"","meta":{"footnotes":""},"class_list":["post-21636","page","type-page","status-publish","hentry"],"yoast_head":"<!-- This site is optimized with the Yoast SEO Premium plugin v26.8 (Yoast SEO v27.1.1) - https:\/\/yoast.com\/product\/yoast-seo-premium-wordpress\/ -->\n<title>CONTACT-HALFWARE - ERP Alg\u00e9rie<\/title>\n<meta name=\"description\" content=\"Contactez notre \u00e9quipe \u00e0 Alger pour une d\u00e9mo gratuite ou un devis pour votre projets ERP, CRM ou application Mobile. R\u00e9ponse dans 24h.\" \/>\n<meta name=\"robots\" content=\"index, follow, max-snippet:-1, max-image-preview:large, max-video-preview:-1\" \/>\n<link rel=\"canonical\" href=\"https:\/\/half-ware.com\/_web\/half-ware-com-contact-erp-algerie-contact-halfware\/\" \/>\n<meta property=\"og:locale\" content=\"fr_FR\" \/>\n<meta property=\"og:type\" content=\"article\" \/>\n<meta property=\"og:title\" content=\"Contact\" \/>\n<meta property=\"og:description\" content=\"Contactez notre \u00e9quipe \u00e0 Alger pour une d\u00e9mo gratuite ou un devis pour votre projets ERP, CRM ou application Mobile. R\u00e9ponse dans 24h.\" \/>\n<meta property=\"og:url\" content=\"https:\/\/half-ware.com\/_web\/half-ware-com-contact-erp-algerie-contact-halfware\/\" \/>\n<meta property=\"og:site_name\" content=\"HALFWARE\" \/>\n<meta property=\"article:publisher\" content=\"https:\/\/web.facebook.com\/halfware.hw\" \/>\n<meta property=\"article:modified_time\" content=\"2026-02-05T19:52:42+00:00\" \/>\n<meta property=\"og:image\" content=\"https:\/\/half-ware.com\/_web\/wp-content\/uploads\/2026\/01\/logo-wow.png\" \/>\n\t<meta property=\"og:image:width\" content=\"613\" \/>\n\t<meta property=\"og:image:height\" content=\"607\" \/>\n\t<meta property=\"og:image:type\" content=\"image\/png\" \/>\n<meta name=\"twitter:card\" content=\"summary_large_image\" \/>\n<meta name=\"twitter:label1\" content=\"Dur\u00e9e de lecture estim\u00e9e\" \/>\n\t<meta name=\"twitter:data1\" content=\"1 minute\" \/>\n<script type=\"application\/ld+json\" class=\"yoast-schema-graph\">{\"@context\":\"https:\/\/schema.org\",\"@graph\":[{\"@type\":\"WebPage\",\"@id\":\"https:\/\/half-ware.com\/_web\/half-ware-com-contact-erp-algerie-contact-halfware\/\",\"url\":\"https:\/\/half-ware.com\/_web\/half-ware-com-contact-erp-algerie-contact-halfware\/\",\"name\":\"CONTACT-HALFWARE - ERP Alg\u00e9rie\",\"isPartOf\":{\"@id\":\"https:\/\/half-ware.com\/_web\/#website\"},\"primaryImageOfPage\":{\"@id\":\"https:\/\/half-ware.com\/_web\/half-ware-com-contact-erp-algerie-contact-halfware\/#primaryimage\"},\"image\":{\"@id\":\"https:\/\/half-ware.com\/_web\/half-ware-com-contact-erp-algerie-contact-halfware\/#primaryimage\"},\"thumbnailUrl\":\"https:\/\/half-ware.com\/_web\/wp-content\/uploads\/2026\/01\/logo-wow-300x297.png\",\"datePublished\":\"2020-11-17T10:29:21+00:00\",\"dateModified\":\"2026-02-05T19:52:42+00:00\",\"description\":\"Contactez notre \u00e9quipe \u00e0 Alger pour une d\u00e9mo gratuite ou un devis pour votre projets ERP, CRM ou application Mobile. R\u00e9ponse dans 24h.\",\"breadcrumb\":{\"@id\":\"https:\/\/half-ware.com\/_web\/half-ware-com-contact-erp-algerie-contact-halfware\/#breadcrumb\"},\"inLanguage\":\"fr-FR\",\"potentialAction\":[{\"@type\":\"ReadAction\",\"target\":[\"https:\/\/half-ware.com\/_web\/half-ware-com-contact-erp-algerie-contact-halfware\/\"]}]},{\"@type\":\"ImageObject\",\"inLanguage\":\"fr-FR\",\"@id\":\"https:\/\/half-ware.com\/_web\/half-ware-com-contact-erp-algerie-contact-halfware\/#primaryimage\",\"url\":\"https:\/\/half-ware.com\/_web\/wp-content\/uploads\/2026\/01\/logo-wow.png\",\"contentUrl\":\"https:\/\/half-ware.com\/_web\/wp-content\/uploads\/2026\/01\/logo-wow.png\",\"width\":613,\"height\":607,\"caption\":\"HALFWARE, ERPNext\"},{\"@type\":\"BreadcrumbList\",\"@id\":\"https:\/\/half-ware.com\/_web\/half-ware-com-contact-erp-algerie-contact-halfware\/#breadcrumb\",\"itemListElement\":[{\"@type\":\"ListItem\",\"position\":1,\"name\":\"Accueil\",\"item\":\"https:\/\/half-ware.com\/_web\/\"},{\"@type\":\"ListItem\",\"position\":2,\"name\":\"Contact\"}]},{\"@type\":\"WebSite\",\"@id\":\"https:\/\/half-ware.com\/_web\/#website\",\"url\":\"https:\/\/half-ware.com\/_web\/\",\"name\":\"HALFWARE - ERP\/CRM & Solutions DIGITALS\",\"description\":\"DIGITAL SOLUTIONS\",\"publisher\":{\"@id\":\"https:\/\/half-ware.com\/_web\/#organization\"},\"alternateName\":\"ERP Alg\u00e9rie - Afrique et Applications Mobiles\",\"potentialAction\":[{\"@type\":\"SearchAction\",\"target\":{\"@type\":\"EntryPoint\",\"urlTemplate\":\"https:\/\/half-ware.com\/_web\/?s={search_term_string}\"},\"query-input\":{\"@type\":\"PropertyValueSpecification\",\"valueRequired\":true,\"valueName\":\"search_term_string\"}}],\"inLanguage\":\"fr-FR\"},{\"@type\":\"Organization\",\"@id\":\"https:\/\/half-ware.com\/_web\/#organization\",\"name\":\"HALFWARE\",\"alternateName\":\"Int\u00e9grateur ERP Alg\u00e9rie et Afrique\",\"url\":\"https:\/\/half-ware.com\/_web\/\",\"logo\":{\"@type\":\"ImageObject\",\"inLanguage\":\"fr-FR\",\"@id\":\"https:\/\/half-ware.com\/_web\/#\/schema\/logo\/image\/\",\"url\":\"https:\/\/half-ware.com\/_web\/wp-content\/uploads\/2026\/01\/logo-wow.png\",\"contentUrl\":\"https:\/\/half-ware.com\/_web\/wp-content\/uploads\/2026\/01\/logo-wow.png\",\"width\":613,\"height\":607,\"caption\":\"HALFWARE\"},\"image\":{\"@id\":\"https:\/\/half-ware.com\/_web\/#\/schema\/logo\/image\/\"},\"sameAs\":[\"https:\/\/web.facebook.com\/halfware.hw\",\"https:\/\/www.youtube.com\/@HALFWARE-COM\",\"https:\/\/www.linkedin.com\/company\/half-ware\/\"],\"description\":\"HALFWARE est un bureau d'\u00e9tudes alg\u00e9rien sp\u00e9cialis\u00e9 dans l\u2019int\u00e9gration de logiciels ERP, CRM et solutions num\u00e9riques sur mesure.\",\"email\":\"contact@half-ware.com\",\"legalName\":\"TAZI SAID - HALFWARE\",\"numberOfEmployees\":{\"@type\":\"QuantitativeValue\",\"minValue\":\"1\",\"maxValue\":\"10\"},\"publishingPrinciples\":\"https:\/\/half-ware.com\/_web\/politique-de-confidentialite\/\"}]}<\/script>\n<!-- \/ Yoast SEO Premium plugin. -->","yoast_head_json":{"title":"CONTACT-HALFWARE - ERP Alg\u00e9rie","description":"Contactez notre \u00e9quipe \u00e0 Alger pour une d\u00e9mo gratuite ou un devis pour votre projets ERP, CRM ou application Mobile. R\u00e9ponse dans 24h.","robots":{"index":"index","follow":"follow","max-snippet":"max-snippet:-1","max-image-preview":"max-image-preview:large","max-video-preview":"max-video-preview:-1"},"canonical":"https:\/\/half-ware.com\/_web\/half-ware-com-contact-erp-algerie-contact-halfware\/","og_locale":"fr_FR","og_type":"article","og_title":"Contact","og_description":"Contactez notre \u00e9quipe \u00e0 Alger pour une d\u00e9mo gratuite ou un devis pour votre projets ERP, CRM ou application Mobile. R\u00e9ponse dans 24h.","og_url":"https:\/\/half-ware.com\/_web\/half-ware-com-contact-erp-algerie-contact-halfware\/","og_site_name":"HALFWARE","article_publisher":"https:\/\/web.facebook.com\/halfware.hw","article_modified_time":"2026-02-05T19:52:42+00:00","og_image":[{"width":613,"height":607,"url":"https:\/\/half-ware.com\/_web\/wp-content\/uploads\/2026\/01\/logo-wow.png","type":"image\/png"}],"twitter_card":"summary_large_image","twitter_misc":{"Dur\u00e9e de lecture estim\u00e9e":"1 minute"},"schema":{"@context":"https:\/\/schema.org","@graph":[{"@type":"WebPage","@id":"https:\/\/half-ware.com\/_web\/half-ware-com-contact-erp-algerie-contact-halfware\/","url":"https:\/\/half-ware.com\/_web\/half-ware-com-contact-erp-algerie-contact-halfware\/","name":"CONTACT-HALFWARE - ERP Alg\u00e9rie","isPartOf":{"@id":"https:\/\/half-ware.com\/_web\/#website"},"primaryImageOfPage":{"@id":"https:\/\/half-ware.com\/_web\/half-ware-com-contact-erp-algerie-contact-halfware\/#primaryimage"},"image":{"@id":"https:\/\/half-ware.com\/_web\/half-ware-com-contact-erp-algerie-contact-halfware\/#primaryimage"},"thumbnailUrl":"https:\/\/half-ware.com\/_web\/wp-content\/uploads\/2026\/01\/logo-wow-300x297.png","datePublished":"2020-11-17T10:29:21+00:00","dateModified":"2026-02-05T19:52:42+00:00","description":"Contactez notre \u00e9quipe \u00e0 Alger pour une d\u00e9mo gratuite ou un devis pour votre projets ERP, CRM ou application Mobile. R\u00e9ponse dans 24h.","breadcrumb":{"@id":"https:\/\/half-ware.com\/_web\/half-ware-com-contact-erp-algerie-contact-halfware\/#breadcrumb"},"inLanguage":"fr-FR","potentialAction":[{"@type":"ReadAction","target":["https:\/\/half-ware.com\/_web\/half-ware-com-contact-erp-algerie-contact-halfware\/"]}]},{"@type":"ImageObject","inLanguage":"fr-FR","@id":"https:\/\/half-ware.com\/_web\/half-ware-com-contact-erp-algerie-contact-halfware\/#primaryimage","url":"https:\/\/half-ware.com\/_web\/wp-content\/uploads\/2026\/01\/logo-wow.png","contentUrl":"https:\/\/half-ware.com\/_web\/wp-content\/uploads\/2026\/01\/logo-wow.png","width":613,"height":607,"caption":"HALFWARE, ERPNext"},{"@type":"BreadcrumbList","@id":"https:\/\/half-ware.com\/_web\/half-ware-com-contact-erp-algerie-contact-halfware\/#breadcrumb","itemListElement":[{"@type":"ListItem","position":1,"name":"Accueil","item":"https:\/\/half-ware.com\/_web\/"},{"@type":"ListItem","position":2,"name":"Contact"}]},{"@type":"WebSite","@id":"https:\/\/half-ware.com\/_web\/#website","url":"https:\/\/half-ware.com\/_web\/","name":"HALFWARE - ERP\/CRM & Solutions DIGITALS","description":"DIGITAL SOLUTIONS","publisher":{"@id":"https:\/\/half-ware.com\/_web\/#organization"},"alternateName":"ERP Alg\u00e9rie - Afrique et Applications Mobiles","potentialAction":[{"@type":"SearchAction","target":{"@type":"EntryPoint","urlTemplate":"https:\/\/half-ware.com\/_web\/?s={search_term_string}"},"query-input":{"@type":"PropertyValueSpecification","valueRequired":true,"valueName":"search_term_string"}}],"inLanguage":"fr-FR"},{"@type":"Organization","@id":"https:\/\/half-ware.com\/_web\/#organization","name":"HALFWARE","alternateName":"Int\u00e9grateur ERP Alg\u00e9rie et Afrique","url":"https:\/\/half-ware.com\/_web\/","logo":{"@type":"ImageObject","inLanguage":"fr-FR","@id":"https:\/\/half-ware.com\/_web\/#\/schema\/logo\/image\/","url":"https:\/\/half-ware.com\/_web\/wp-content\/uploads\/2026\/01\/logo-wow.png","contentUrl":"https:\/\/half-ware.com\/_web\/wp-content\/uploads\/2026\/01\/logo-wow.png","width":613,"height":607,"caption":"HALFWARE"},"image":{"@id":"https:\/\/half-ware.com\/_web\/#\/schema\/logo\/image\/"},"sameAs":["https:\/\/web.facebook.com\/halfware.hw","https:\/\/www.youtube.com\/@HALFWARE-COM","https:\/\/www.linkedin.com\/company\/half-ware\/"],"description":"HALFWARE est un bureau d'\u00e9tudes alg\u00e9rien sp\u00e9cialis\u00e9 dans l\u2019int\u00e9gration de logiciels ERP, CRM et solutions num\u00e9riques sur mesure.","email":"contact@half-ware.com","legalName":"TAZI SAID - HALFWARE","numberOfEmployees":{"@type":"QuantitativeValue","minValue":"1","maxValue":"10"},"publishingPrinciples":"https:\/\/half-ware.com\/_web\/politique-de-confidentialite\/"}]}},"_links":{"self":[{"href":"https:\/\/half-ware.com\/_web\/wp-json\/wp\/v2\/pages\/21636","targetHints":{"allow":["GET"]}}],"collection":[{"href":"https:\/\/half-ware.com\/_web\/wp-json\/wp\/v2\/pages"}],"about":[{"href":"https:\/\/half-ware.com\/_web\/wp-json\/wp\/v2\/types\/page"}],"author":[{"embeddable":true,"href":"https:\/\/half-ware.com\/_web\/wp-json\/wp\/v2\/users\/1"}],"replies":[{"embeddable":true,"href":"https:\/\/half-ware.com\/_web\/wp-json\/wp\/v2\/comments?post=21636"}],"version-history":[{"count":82,"href":"https:\/\/half-ware.com\/_web\/wp-json\/wp\/v2\/pages\/21636\/revisions"}],"predecessor-version":[{"id":23898,"href":"https:\/\/half-ware.com\/_web\/wp-json\/wp\/v2\/pages\/21636\/revisions\/23898"}],"wp:attachment":[{"href":"https:\/\/half-ware.com\/_web\/wp-json\/wp\/v2\/media?parent=21636"}],"curies":[{"name":"wp","href":"https:\/\/api.w.org\/{rel}","templated":true}]}}